{"id":7143,"date":"2022-05-17T23:02:49","date_gmt":"2022-05-17T21:02:49","guid":{"rendered":"https:\/\/www.bag-healthcare.com\/impressum\/"},"modified":"2025-12-12T08:49:19","modified_gmt":"2025-12-12T07:49:19","slug":"impressum","status":"publish","type":"page","link":"https:\/\/www.bag-healthcare.com\/de\/impressum\/","title":{"rendered":"Impressum"},"content":{"rendered":"<div class=\"fusion-fullwidth fullwidth-box fusion-builder-row-1 fusion-flex-container nonhundred-percent-fullwidth non-hundred-percent-height-scrolling\" style=\"--awb-border-radius-top-left:0px;--awb-border-radius-top-right:0px;--awb-border-radius-bottom-right:0px;--awb-border-radius-bottom-left:0px;--awb-flex-wrap:wrap;\" ><div class=\"fusion-builder-row fusion-row fusion-flex-align-items-flex-start fusion-flex-content-wrap\" style=\"max-width:1248px;margin-left: calc(-4% \/ 2 );margin-right: calc(-4% \/ 2 );\"><div class=\"fusion-layout-column fusion_builder_column fusion-builder-column-0 fusion_builder_column_1_1 1_1 fusion-flex-column\" style=\"--awb-bg-size:cover;--awb-width-large:100%;--awb-spacing-right-large:1.92%;--awb-margin-bottom-large:0px;--awb-spacing-left-large:1.92%;--awb-width-medium:100%;--awb-order-medium:0;--awb-spacing-right-medium:1.92%;--awb-spacing-left-medium:1.92%;--awb-width-small:100%;--awb-order-small:0;--awb-spacing-right-small:1.92%;--awb-spacing-left-small:1.92%;\"><div class=\"fusion-column-wrapper fusion-column-has-shadow fusion-flex-justify-content-flex-start fusion-content-layout-column\"><div class=\"fusion-text fusion-text-1\"><h1 class=\"ce_headline first fusion-responsive-typography-calculated\" style=\"--fontsize: 62; line-height: 1.2;\" data-fontsize=\"62\" data-lineheight=\"74.4px\">Impressum BAG Health Care<\/h1>\n<div class=\"ce_text block\">\n<div class=\"column col_6\">\n<div class=\"ce_text block\">\n<p>BAG Health Care GmbH<br \/>\nAmtsgerichtsstra\u00dfe 1-5, 35423 Lich<\/p>\n<p><strong>Kontakt:<\/strong><br \/>\nTelefon: +49 (0) 6404 \/ 925 -100<br \/>\nFax: +49 (0) 6404 \/ 925 -350<br \/>\n<a>E-Mail:<\/a><a href=\"mailto:info@bag-healthcare.com\">info@bag-healthcare.com<\/a><\/p>\n<p>CEO: Dr. Nicolas Sachsenberg<br \/>\nHandelsregister: HRB 9672 Amtsgericht Gie\u00dfen<br \/>\nID-Nummer: DE 112 598 839<\/p>\n<p><strong>Verantwortlich f\u00fcr den Inhalt gem\u00e4\u00df \u00a755(2) RStV<span class=\"font-size-xxs\"><br \/>\n<\/span><\/strong>Dr. Nicolas Sachsenberg<\/p>\n<\/div>\n<\/div>\n<div class=\"column col_6\">\n<div class=\"ce_text block\">\n<p><strong>EU-Streitbeilegung<\/strong><\/p>\n<p>Die Europ\u00e4ische Kommission bietet eine Plattform f\u00fcr die Online-Streitbeilegung (ODR) an: https:\/\/ec.europa.eu\/consumers\/odr.<\/p>\n<p>Unsere E-Mail-Adresse finden Sie oben im Impressum der Website. Wir sind nicht bereit oder verpflichtet, an einem Streitbeilegungsverfahren vor einer Verbraucherschlichtungsstelle teilzunehmen.<\/p>\n<\/div>\n<\/div>\n<\/div>\n<div class=\"ce_text block\">\n<h2 class=\"fusion-responsive-typography-calculated\" style=\"--fontsize: 48; line-height: 1.4;\" data-fontsize=\"48\" data-lineheight=\"67.2px\">Haftungsausschluss<\/h2>\n<p><strong>Haftung f\u00fcr Inhalte<\/strong><br \/>\nAls Diensteanbieter sind wir gem\u00e4\u00df \u00a7 7 Abs.1 TMG f\u00fcr eigene Inhalte auf diesen Seiten nach den allgemeinen Gesetzen verantwortlich. Nach \u00a7\u00a7 8 bis 10 TMG sind wir als Diensteanbieter jedoch nicht verpflichtet, \u00fcbermittelte oder gespeicherte fremde Informationen dauerhaft zu \u00fcberwachen oder nach Umst\u00e4nden zu forschen, die auf eine rechtswidrige T\u00e4tigkeit hinweisen. Rechtliche Verpflichtungen zur Entfernung oder Sperrung der Nutzung von Informationen bleiben hiervon unber\u00fchrt. Eine diesbez\u00fcgliche Haftung ist jedoch erst ab dem Zeitpunkt der Kenntnis einer konkreten Rechtsverletzung m\u00f6glich. Bei Bekanntwerden von Rechtsverletzungen werden wir diese Inhalte umgehend entfernen.<\/p>\n<p><strong>Haftung f\u00fcr Links<\/strong><br \/>\nUnser Angebot enth\u00e4lt Links zu externen Webseiten Dritter. Auf die Inhalte dieser Websites haben wir keinen Einfluss, daher k\u00f6nnen wir f\u00fcr diese Inhalte auch keine Gew\u00e4hr \u00fcbernehmen. F\u00fcr die Inhalte der verlinkten Seiten ist stets der jeweilige Anbieter oder Betreiber der Seiten verantwortlich. Die verlinkten Seiten wurden zum Zeitpunkt der Verlinkung auf m\u00f6gliche Rechtsverst\u00f6\u00dfe \u00fcberpr\u00fcft. Rechtswidrige Inhalte waren zum Zeitpunkt der Verlinkung nicht erkennbar. Eine permanente inhaltliche Kontrolle der verlinkten Seiten ist jedoch ohne konkrete Anhaltspunkte einer Rechtsverletzung nicht zumutbar. Bei Bekanntwerden von Rechtsverletzungen werden wir derartige Links umgehend entfernen.<\/p>\n<p><strong>Copyright<\/strong><br \/>\nDie durch die Seitenbetreiber erstellten Inhalte und Werke auf diesen Seiten unterliegen dem deutschen Urheberrecht. Die Vervielf\u00e4ltigung, Bearbeitung, Verbreitung und jede Art der Verwertung au\u00dferhalb der Grenzen des Urheberrechtes bed\u00fcrfen der schriftlichen Zustimmung des jeweiligen Autors bzw. Erstellers. Downloads und Kopien dieser Seite sind nur f\u00fcr den privaten Gebrauch gestattet.<br \/>\nDie kommerzielle Nutzung unserer Inhalte ohne Zustimmung des Urhebers ist untersagt. Urheberrechte Dritter werden beachtet, sofern die Inhalte auf diesen Websites nicht vom Anbieter selbst stammen. Beitr\u00e4ge Dritter sind auf dieser Seite als solche gekennzeichnet. Sollten Sie dennoch Verst\u00f6\u00dfe gegen das Urheberrecht feststellen, informieren Sie uns bitte. Solche Inhalte werden dann umgehend entfernt.<\/p>\n<\/div>\n<div class=\"ce_text block\">\n<h2 class=\"fusion-responsive-typography-calculated\" style=\"--fontsize: 48; line-height: 1.4;\" data-fontsize=\"48\" data-lineheight=\"67.2px\">Allgemeine Einkaufsbedingungen<\/h2>\n<p>Wir weisen darauf hin, dass alle Angebote an unsere Auftragnehmer und daraus resultierende Lieferungen und Leistungen unseren aktuellen Einkaufsbedingungen zugrunde liegen. Diese stellen wir Ihnen hier zum Download bereit.<\/p>\n<\/div>\n<\/div><div ><a class=\"fusion-button button-flat button-large button-default fusion-button-default button-1 fusion-button-default-span fusion-button-default-type\" style=\"--button-border-radius-top-left:8px;--button-border-radius-top-right:8px;--button-border-radius-bottom-right:8px;--button-border-radius-bottom-left:8px;\" target=\"_self\" href=\"https:\/\/www.bag-healthcare.com\/wp-content\/uploads\/2025\/06\/allgemeine_einkaufsbedingungen_hc2022.pdf\"><i class=\"fa-cloud-download-alt fas button-icon-left\" aria-hidden=\"true\"><\/i><span class=\"fusion-button-text\">Allgemeine Einkaufsbedingungen BAG Healthcare GmbH<\/span><\/a><\/div><\/div><\/div><\/div><\/div>\n","protected":false},"excerpt":{"rendered":"","protected":false},"author":1,"featured_media":0,"parent":0,"menu_order":0,"comment_status":"closed","ping_status":"open","template":"","meta":{"footnotes":""},"class_list":["post-7143","page","type-page","status-publish","hentry"],"yoast_head":"<!-- This site is optimized with the Yoast SEO plugin v27.3 - https:\/\/yoast.com\/product\/yoast-seo-wordpress\/ -->\n<title>Impressum &#8226; BAG Health Care<\/title>\n<meta name=\"robots\" content=\"index, follow, max-snippet:-1, max-image-preview:large, max-video-preview:-1\" \/>\n<link rel=\"canonical\" href=\"https:\/\/www.bag-healthcare.com\/de\/impressum\/\" \/>\n<!-- \/ Yoast SEO plugin. -->","yoast_head_json":{"title":"Impressum &#8226; BAG Health Care","robots":{"index":"index","follow":"follow","max-snippet":"max-snippet:-1","max-image-preview":"max-image-preview:large","max-video-preview":"max-video-preview:-1"},"canonical":"https:\/\/www.bag-healthcare.com\/de\/impressum\/","schema":{"@context":"https:\/\/schema.org","@graph":[{"@type":"WebPage","@id":"https:\/\/www.bag-healthcare.com\/de\/impressum\/","url":"https:\/\/www.bag-healthcare.com\/de\/impressum\/","name":"Impressum &#8226; BAG Health Care","isPartOf":{"@id":"https:\/\/www.bag-healthcare.com\/de\/#website"},"datePublished":"2022-05-17T21:02:49+00:00","dateModified":"2025-12-12T07:49:19+00:00","breadcrumb":{"@id":"https:\/\/www.bag-healthcare.com\/de\/impressum\/#breadcrumb"},"inLanguage":"de","potentialAction":[{"@type":"ReadAction","target":["https:\/\/www.bag-healthcare.com\/de\/impressum\/"]}]},{"@type":"BreadcrumbList","@id":"https:\/\/www.bag-healthcare.com\/de\/impressum\/#breadcrumb","itemListElement":[{"@type":"ListItem","position":1,"name":"Startseite","item":"https:\/\/www.bag-healthcare.com\/de\/bag\/"},{"@type":"ListItem","position":2,"name":"Impressum"}]},{"@type":"WebSite","@id":"https:\/\/www.bag-healthcare.com\/de\/#website","url":"https:\/\/www.bag-healthcare.com\/de\/","name":"BAG Health Care","description":"","publisher":{"@id":"https:\/\/www.bag-healthcare.com\/de\/#organization"},"potentialAction":[{"@type":"SearchAction","target":{"@type":"EntryPoint","urlTemplate":"https:\/\/www.bag-healthcare.com\/de\/?s={search_term_string}"},"query-input":{"@type":"PropertyValueSpecification","valueRequired":true,"valueName":"search_term_string"}}],"inLanguage":"de"},{"@type":"Organization","@id":"https:\/\/www.bag-healthcare.com\/de\/#organization","name":"BAG Health Care","url":"https:\/\/www.bag-healthcare.com\/de\/","logo":{"@type":"ImageObject","inLanguage":"de","@id":"https:\/\/www.bag-healthcare.com\/de\/#\/schema\/logo\/image\/","url":"https:\/\/www.bag-healthcare.com\/wp-content\/uploads\/2025\/07\/BAG-Bubble.png","contentUrl":"https:\/\/www.bag-healthcare.com\/wp-content\/uploads\/2025\/07\/BAG-Bubble.png","width":263,"height":263,"caption":"BAG Health Care"},"image":{"@id":"https:\/\/www.bag-healthcare.com\/de\/#\/schema\/logo\/image\/"}}]}},"_links":{"self":[{"href":"https:\/\/www.bag-healthcare.com\/de\/wp-json\/wp\/v2\/pages\/7143","targetHints":{"allow":["GET"]}}],"collection":[{"href":"https:\/\/www.bag-healthcare.com\/de\/wp-json\/wp\/v2\/pages"}],"about":[{"href":"https:\/\/www.bag-healthcare.com\/de\/wp-json\/wp\/v2\/types\/page"}],"author":[{"embeddable":true,"href":"https:\/\/www.bag-healthcare.com\/de\/wp-json\/wp\/v2\/users\/1"}],"replies":[{"embeddable":true,"href":"https:\/\/www.bag-healthcare.com\/de\/wp-json\/wp\/v2\/comments?post=7143"}],"version-history":[{"count":9,"href":"https:\/\/www.bag-healthcare.com\/de\/wp-json\/wp\/v2\/pages\/7143\/revisions"}],"predecessor-version":[{"id":7382,"href":"https:\/\/www.bag-healthcare.com\/de\/wp-json\/wp\/v2\/pages\/7143\/revisions\/7382"}],"wp:attachment":[{"href":"https:\/\/www.bag-healthcare.com\/de\/wp-json\/wp\/v2\/media?parent=7143"}],"curies":[{"name":"wp","href":"https:\/\/api.w.org\/{rel}","templated":true}]}}